{"id":24,"date":"2025-06-02T03:15:27","date_gmt":"2025-06-02T03:15:27","guid":{"rendered":"https:\/\/impala.yagcomunicacion.com\/services-01\/"},"modified":"2026-04-04T22:54:44","modified_gmt":"2026-04-04T20:54:44","slug":"services-01","status":"publish","type":"page","link":"https:\/\/impala.yagcomunicacion.com\/services-01\/","title":{"rendered":"Rehabilitaci\\u00f3n Energ\\u00e9tica"},"content":{"rendered":"\t\t<div data-elementor-type=\"wp-page\" data-elementor-id=\"24\" class=\"elementor elementor-24\">\n\t\t\t\t<div class=\"elementor-element elementor-element-12b6bd6 e-flex e-con-boxed e-con e-parent\" data-id=\"12b6bd6\" data-element_type=\"container\" data-e-type=\"container\">\n\t\t\t\t\t<div class=\"e-con-inner\">\n\t\t<div class=\"elementor-element elementor-element-7b8b529 e-con-full e-flex e-con e-child\" data-id=\"7b8b529\" data-element_type=\"container\" data-e-type=\"container\">\n\t\t<div class=\"elementor-element elementor-element-52f5450 e-con-full e-flex e-con e-child\" data-id=\"52f5450\" data-element_type=\"container\" data-e-type=\"container\">\n\t\t\t\t<div class=\"elementor-element elementor-element-f6d05ca elementor-icon-list--layout-traditional elementor-list-item-link-full_width elementor-invisible elementor-widget elementor-widget-icon-list\" data-id=\"f6d05ca\" data-element_type=\"widget\" data-e-type=\"widget\" data-settings=\"{&quot;_animation&quot;:&quot;opal-move-right&quot;}\" data-widget_type=\"icon-list.default\">\n\t\t\t\t\t\t\t<ul class=\"elementor-icon-list-items\">\n\t\t\t\t\t\t\t<li class=\"elementor-icon-list-item\">\n\t\t\t\t\t\t\t\t\t\t\t<span class=\"elementor-icon-list-icon\">\n\t\t\t\t\t\t\t<svg aria-hidden=\"true\" class=\"e-font-icon-svg e-fas-circle\" viewBox=\"0 0 512 512\" xmlns=\"http:\/\/www.w3.org\/2000\/svg\"><path d=\"M256 8C119 8 8 119 8 256s111 248 248 248 248-111 248-248S393 8 256 8z\"><\/path><\/svg>\t\t\t\t\t\t<\/span>\n\t\t\t\t\t\t\t\t\t\t<span class=\"elementor-icon-list-text\">OUR SERVICES<\/span>\n\t\t\t\t\t\t\t\t\t<\/li>\n\t\t\t\t\t\t<\/ul>\n\t\t\t\t\t\t<\/div>\n\t\t\t\t<div class=\"elementor-element elementor-element-ef7ac5e elementor-absolute elementor-hidden-mobile elementor-view-default elementor-invisible elementor-widget elementor-widget-icon\" data-id=\"ef7ac5e\" data-element_type=\"widget\" data-e-type=\"widget\" data-settings=\"{&quot;_position&quot;:&quot;absolute&quot;,&quot;motion_fx_motion_fx_scrolling&quot;:&quot;yes&quot;,&quot;motion_fx_translateX_effect&quot;:&quot;yes&quot;,&quot;motion_fx_translateX_speed&quot;:{&quot;unit&quot;:&quot;px&quot;,&quot;size&quot;:1.5,&quot;sizes&quot;:[]},&quot;_animation&quot;:&quot;opal-move-right&quot;,&quot;motion_fx_translateX_affectedRange&quot;:{&quot;unit&quot;:&quot;%&quot;,&quot;size&quot;:&quot;&quot;,&quot;sizes&quot;:{&quot;start&quot;:0,&quot;end&quot;:100}},&quot;motion_fx_devices&quot;:[&quot;desktop&quot;,&quot;tablet&quot;,&quot;mobile&quot;]}\" data-widget_type=\"icon.default\">\n\t\t\t\t\t\t\t<div class=\"elementor-icon-wrapper\">\n\t\t\t<div class=\"elementor-icon\">\n\t\t\t<svg xmlns=\"http:\/\/www.w3.org\/2000\/svg\" viewBox=\"0 0 15 15\"><g fill=\"none\" class=\"nc-icon-wrapper\"><path d=\"M15 15L3 11L0 11L12 15L15 15Z\" fill=\"currentColor\"><\/path><\/g><\/svg>\t\t\t<\/div>\n\t\t<\/div>\n\t\t\t\t\t\t<\/div>\n\t\t\t\t<div class=\"elementor-element elementor-element-7a3b481 elementor-widget__width-auto elementor-absolute elementor-hidden-mobile elementor-view-default elementor-invisible elementor-widget elementor-widget-icon\" data-id=\"7a3b481\" data-element_type=\"widget\" data-e-type=\"widget\" data-settings=\"{&quot;_position&quot;:&quot;absolute&quot;,&quot;motion_fx_motion_fx_scrolling&quot;:&quot;yes&quot;,&quot;motion_fx_translateY_effect&quot;:&quot;yes&quot;,&quot;motion_fx_translateY_direction&quot;:&quot;negative&quot;,&quot;motion_fx_translateY_speed&quot;:{&quot;unit&quot;:&quot;px&quot;,&quot;size&quot;:1.2,&quot;sizes&quot;:[]},&quot;_animation&quot;:&quot;opal-move-down&quot;,&quot;motion_fx_translateY_affectedRange&quot;:{&quot;unit&quot;:&quot;%&quot;,&quot;size&quot;:&quot;&quot;,&quot;sizes&quot;:{&quot;start&quot;:0,&quot;end&quot;:100}},&quot;motion_fx_devices&quot;:[&quot;desktop&quot;,&quot;tablet&quot;,&quot;mobile&quot;]}\" data-widget_type=\"icon.default\">\n\t\t\t\t\t\t\t<div class=\"elementor-icon-wrapper\">\n\t\t\t<div class=\"elementor-icon\">\n\t\t\t<svg xmlns=\"http:\/\/www.w3.org\/2000\/svg\" viewBox=\"0 0 15 15\"><g fill=\"none\" class=\"nc-icon-wrapper\"><path d=\"M15 15L11 3L11 0L15 12L15 15Z\" fill=\"currentColor\"><\/path><\/g><\/svg>\t\t\t<\/div>\n\t\t<\/div>\n\t\t\t\t\t\t<\/div>\n\t\t\t\t<\/div>\n\t\t<div class=\"elementor-element elementor-element-4e0b3cc e-con-full e-flex e-con e-child\" data-id=\"4e0b3cc\" data-element_type=\"container\" data-e-type=\"container\">\n\t\t\t\t<div class=\"elementor-element elementor-element-6bc46d3 elementor-widget__width-initial elementor-invisible elementor-widget elementor-widget-heading\" data-id=\"6bc46d3\" data-element_type=\"widget\" data-e-type=\"widget\" data-settings=\"{&quot;_animation&quot;:&quot;opal-move-left&quot;}\" data-widget_type=\"heading.default\">\n\t\t\t\t\t<h2 data-cursor=\"-opaque\" class=\"elementor-heading-title elementor-size-default\">Descubre nuestros <span class=\"c-primary\">servicios de construcci\u00f3n<\/span> y rehabilitaci\u00f3n<\/h2>\t\t\t\t<\/div>\n\t\t\t\t<div class=\"elementor-element elementor-element-4aa09f6 elementor-widget__width-initial elementor-invisible elementor-widget elementor-widget-text-editor\" data-id=\"4aa09f6\" data-element_type=\"widget\" data-e-type=\"widget\" data-settings=\"{&quot;_animation&quot;:&quot;opal-move-left&quot;}\" data-widget_type=\"text-editor.default\">\n\t\t\t\t\t\t\t\t\tEspecialistas en rehabilitaci\u00f3n energ\u00e9tica, accesibilidad y gesti\u00f3n integral del proceso constructivo en Canarias. \t\t\t\t\t\t\t\t<\/div>\n\t\t\t\t<\/div>\n\t\t\t\t<\/div>\n\t\t\t\t\t<\/div>\n\t\t\t\t<\/div>\n\t\t<div class=\"elementor-element elementor-element-a5bb54f e-con-full e-flex elementor-invisible e-con e-parent\" data-id=\"a5bb54f\" data-element_type=\"container\" data-e-type=\"container\" data-settings=\"{&quot;animation&quot;:&quot;opal-move-up&quot;}\">\n\t\t\t\t<div class=\"elementor-element elementor-element-57a5a9f elementor-grid-tablet-2 elementor-grid-mobile-1 elementor-grid-4 overflow-to-none elementor-widget elementor-widget-antra-banner-process\" data-id=\"57a5a9f\" data-element_type=\"widget\" data-e-type=\"widget\" data-settings=\"{&quot;column_tablet&quot;:&quot;2&quot;,&quot;column_mobile&quot;:&quot;1&quot;,&quot;column_spacing_swiper&quot;:{&quot;unit&quot;:&quot;px&quot;,&quot;size&quot;:0,&quot;sizes&quot;:[]},&quot;navigation&quot;:&quot;none&quot;,&quot;column_spacing_swiper_mobile&quot;:{&quot;unit&quot;:&quot;px&quot;,&quot;size&quot;:0,&quot;sizes&quot;:[]},&quot;column&quot;:4,&quot;column_spacing_swiper_tablet&quot;:{&quot;unit&quot;:&quot;px&quot;,&quot;size&quot;:&quot;&quot;,&quot;sizes&quot;:[]},&quot;swiper_overflow&quot;:&quot;none&quot;,&quot;drag_move&quot;:&quot;yes&quot;,&quot;autoplay&quot;:&quot;yes&quot;,&quot;pause_on_hover&quot;:&quot;yes&quot;,&quot;pause_on_interaction&quot;:&quot;yes&quot;,&quot;direction&quot;:&quot;rtl&quot;,&quot;autoplay_speed&quot;:5000,&quot;infinite&quot;:&quot;yes&quot;,&quot;speed&quot;:500}\" data-widget_type=\"antra-banner-process.default\">\n\t\t\t\t<div class=\"elementor-widget-container\">\n\t\t\t\t\t            <div class=\"antra-wrapper antra-swiper-wrapper swiper elementor-banner-process-wrapper\">\n                <div class=\"antra-con swiper-container antra-swiper elementor-banner-process-container\">\n                    <div class=\"antra-con-inner swiper-wrapper elementor-banner-process-inner\">\n                        \n                            <div class=\"swiper-slide elementor-banner-process-item\">\n                                <div class=\"banner-process-caption\">\n                                    <span class=\"number\">01<\/span>\n                                    <div class=\"banner-process-title\">\n                                        Renovation and remodeling                                    <\/div>\n                                    <div class=\"banner-process-content\">Lacus non ultrices diam, placerat eu, tincidunt pulvinar lacus. Felis dui aliquet.<\/div>\n                                <\/div>\n                            <\/div>\n                        \n                            <div class=\"swiper-slide elementor-banner-process-item\">\n                                <div class=\"banner-process-caption\">\n                                    <span class=\"number\">02<\/span>\n                                    <div class=\"banner-process-title\">\n                                        Custom design consultation                                    <\/div>\n                                    <div class=\"banner-process-content\">Lacus non ultrices diam, placerat eu, tincidunt pulvinar lacus. Felis dui aliquet.<\/div>\n                                <\/div>\n                            <\/div>\n                        \n                            <div class=\"swiper-slide elementor-banner-process-item\">\n                                <div class=\"banner-process-caption\">\n                                    <span class=\"number\">03<\/span>\n                                    <div class=\"banner-process-title\">\n                                        Space planning and layout                                    <\/div>\n                                    <div class=\"banner-process-content\">Lacus non ultrices diam, placerat eu, tincidunt pulvinar lacus. Felis dui aliquet.<\/div>\n                                <\/div>\n                            <\/div>\n                        \n                            <div class=\"swiper-slide elementor-banner-process-item\">\n                                <div class=\"banner-process-caption\">\n                                    <span class=\"number\">04<\/span>\n                                    <div class=\"banner-process-title\">\n                                        3D design visualization                                    <\/div>\n                                    <div class=\"banner-process-content\">Lacus non ultrices diam, placerat eu, tincidunt pulvinar lacus. Felis dui aliquet.<\/div>\n                                <\/div>\n                            <\/div>\n                                            <\/div>\n                    <div class=\"banner-process-image-list\">\n                                                    <div class=\"banner-process-img image-item-310db4d show\">\n                                            <div class=\"process-image\">\n                <img fetchpriority=\"high\" decoding=\"async\" width=\"1920\" height=\"820\" src=\"https:\/\/impala.yagcomunicacion.com\/wp-content\/uploads\/2025\/06\/pro-banner-1.jpg\" class=\"attachment-full size-full wp-image-1539\" alt=\"\" srcset=\"https:\/\/impala.yagcomunicacion.com\/wp-content\/uploads\/2025\/06\/pro-banner-1.jpg 1920w, https:\/\/impala.yagcomunicacion.com\/wp-content\/uploads\/2025\/06\/pro-banner-1-300x128.jpg 300w, https:\/\/impala.yagcomunicacion.com\/wp-content\/uploads\/2025\/06\/pro-banner-1-1024x437.jpg 1024w, https:\/\/impala.yagcomunicacion.com\/wp-content\/uploads\/2025\/06\/pro-banner-1-768x328.jpg 768w, https:\/\/impala.yagcomunicacion.com\/wp-content\/uploads\/2025\/06\/pro-banner-1-1536x656.jpg 1536w, https:\/\/impala.yagcomunicacion.com\/wp-content\/uploads\/2025\/06\/pro-banner-1-860x367.jpg 860w\" sizes=\"(max-width: 1920px) 100vw, 1920px\" \/>            <\/div>\n                                    <\/div>\n                                                        <div class=\"banner-process-img image-item-aa5bdd9\" style=\"display: none;\">\n                                            <div class=\"process-image\">\n                <img decoding=\"async\" width=\"1919\" height=\"820\" src=\"https:\/\/impala.yagcomunicacion.com\/wp-content\/uploads\/2025\/06\/pro-banner-2.jpg\" class=\"attachment-full size-full wp-image-1540\" alt=\"\" srcset=\"https:\/\/impala.yagcomunicacion.com\/wp-content\/uploads\/2025\/06\/pro-banner-2.jpg 1919w, https:\/\/impala.yagcomunicacion.com\/wp-content\/uploads\/2025\/06\/pro-banner-2-300x128.jpg 300w, https:\/\/impala.yagcomunicacion.com\/wp-content\/uploads\/2025\/06\/pro-banner-2-1024x438.jpg 1024w, https:\/\/impala.yagcomunicacion.com\/wp-content\/uploads\/2025\/06\/pro-banner-2-768x328.jpg 768w, https:\/\/impala.yagcomunicacion.com\/wp-content\/uploads\/2025\/06\/pro-banner-2-1536x656.jpg 1536w, https:\/\/impala.yagcomunicacion.com\/wp-content\/uploads\/2025\/06\/pro-banner-2-860x367.jpg 860w\" sizes=\"(max-width: 1919px) 100vw, 1919px\" \/>            <\/div>\n                                    <\/div>\n                                                        <div class=\"banner-process-img image-item-8d8e2c2\" style=\"display: none;\">\n                                            <div class=\"process-image\">\n                <img decoding=\"async\" width=\"1919\" height=\"820\" src=\"https:\/\/impala.yagcomunicacion.com\/wp-content\/uploads\/2025\/06\/pro-banner-3.jpg\" class=\"attachment-full size-full wp-image-1541\" alt=\"\" srcset=\"https:\/\/impala.yagcomunicacion.com\/wp-content\/uploads\/2025\/06\/pro-banner-3.jpg 1919w, https:\/\/impala.yagcomunicacion.com\/wp-content\/uploads\/2025\/06\/pro-banner-3-300x128.jpg 300w, https:\/\/impala.yagcomunicacion.com\/wp-content\/uploads\/2025\/06\/pro-banner-3-1024x438.jpg 1024w, https:\/\/impala.yagcomunicacion.com\/wp-content\/uploads\/2025\/06\/pro-banner-3-768x328.jpg 768w, https:\/\/impala.yagcomunicacion.com\/wp-content\/uploads\/2025\/06\/pro-banner-3-1536x656.jpg 1536w, https:\/\/impala.yagcomunicacion.com\/wp-content\/uploads\/2025\/06\/pro-banner-3-860x367.jpg 860w\" sizes=\"(max-width: 1919px) 100vw, 1919px\" \/>            <\/div>\n                                    <\/div>\n                                                        <div class=\"banner-process-img image-item-319b1b5\" style=\"display: none;\">\n                                            <div class=\"process-image\">\n                <img loading=\"lazy\" decoding=\"async\" width=\"1919\" height=\"820\" src=\"https:\/\/impala.yagcomunicacion.com\/wp-content\/uploads\/2025\/06\/pro-banner-4.jpg\" class=\"attachment-full size-full wp-image-1542\" alt=\"\" srcset=\"https:\/\/impala.yagcomunicacion.com\/wp-content\/uploads\/2025\/06\/pro-banner-4.jpg 1919w, https:\/\/impala.yagcomunicacion.com\/wp-content\/uploads\/2025\/06\/pro-banner-4-300x128.jpg 300w, https:\/\/impala.yagcomunicacion.com\/wp-content\/uploads\/2025\/06\/pro-banner-4-1024x438.jpg 1024w, https:\/\/impala.yagcomunicacion.com\/wp-content\/uploads\/2025\/06\/pro-banner-4-768x328.jpg 768w, https:\/\/impala.yagcomunicacion.com\/wp-content\/uploads\/2025\/06\/pro-banner-4-1536x656.jpg 1536w, https:\/\/impala.yagcomunicacion.com\/wp-content\/uploads\/2025\/06\/pro-banner-4-860x367.jpg 860w\" sizes=\"(max-width: 1919px) 100vw, 1919px\" \/>            <\/div>\n                                    <\/div>\n                                                <\/div>\n                                                                                    <\/div>\n            <\/div>\n\n            \t\t\t\t<\/div>\n\t\t\t\t<\/div>\n\t\t\t\t<\/div>\n\t\t<div class=\"elementor-element elementor-element-96bc661 e-flex e-con-boxed e-con e-parent\" data-id=\"96bc661\" data-element_type=\"container\" data-e-type=\"container\" data-settings=\"{&quot;background_background&quot;:&quot;classic&quot;}\">\n\t\t\t\t\t<div class=\"e-con-inner\">\n\t\t\t\t<div class=\"elementor-element elementor-element-a919fe3 elementor-absolute elementor-hidden-mobile elementor-widget elementor-widget-heading\" data-id=\"a919fe3\" data-element_type=\"widget\" data-e-type=\"widget\" data-settings=\"{&quot;_position&quot;:&quot;absolute&quot;}\" data-widget_type=\"heading.default\">\n\t\t\t\t\t<h2 class=\"elementor-heading-title elementor-size-default\">Impala Projects<\/h2>\t\t\t\t<\/div>\n\t\t<div class=\"elementor-element elementor-element-84610dd e-con-full e-flex e-con e-child\" data-id=\"84610dd\" data-element_type=\"container\" data-e-type=\"container\">\n\t\t<div class=\"elementor-element elementor-element-7748bcc e-con-full e-flex e-con e-child\" data-id=\"7748bcc\" data-element_type=\"container\" data-e-type=\"container\">\n\t\t\t\t<div class=\"elementor-element elementor-element-fb85d18 elementor-icon-list--layout-traditional elementor-list-item-link-full_width elementor-invisible elementor-widget elementor-widget-icon-list\" data-id=\"fb85d18\" data-element_type=\"widget\" data-e-type=\"widget\" data-settings=\"{&quot;_animation&quot;:&quot;opal-move-right&quot;}\" data-widget_type=\"icon-list.default\">\n\t\t\t\t\t\t\t<ul class=\"elementor-icon-list-items\">\n\t\t\t\t\t\t\t<li class=\"elementor-icon-list-item\">\n\t\t\t\t\t\t\t\t\t\t\t<span class=\"elementor-icon-list-icon\">\n\t\t\t\t\t\t\t<svg aria-hidden=\"true\" class=\"e-font-icon-svg e-fas-circle\" viewBox=\"0 0 512 512\" xmlns=\"http:\/\/www.w3.org\/2000\/svg\"><path d=\"M256 8C119 8 8 119 8 256s111 248 248 248 248-111 248-248S393 8 256 8z\"><\/path><\/svg>\t\t\t\t\t\t<\/span>\n\t\t\t\t\t\t\t\t\t\t<span class=\"elementor-icon-list-text\">OUR SERVICES<\/span>\n\t\t\t\t\t\t\t\t\t<\/li>\n\t\t\t\t\t\t<\/ul>\n\t\t\t\t\t\t<\/div>\n\t\t\t\t<div class=\"elementor-element elementor-element-88d63d3 elementor-widget__width-auto elementor-absolute elementor-hidden-mobile elementor-view-default elementor-invisible elementor-widget elementor-widget-icon\" data-id=\"88d63d3\" data-element_type=\"widget\" data-e-type=\"widget\" data-settings=\"{&quot;_position&quot;:&quot;absolute&quot;,&quot;motion_fx_motion_fx_scrolling&quot;:&quot;yes&quot;,&quot;motion_fx_translateY_effect&quot;:&quot;yes&quot;,&quot;motion_fx_translateY_direction&quot;:&quot;negative&quot;,&quot;motion_fx_translateY_speed&quot;:{&quot;unit&quot;:&quot;px&quot;,&quot;size&quot;:1.2,&quot;sizes&quot;:[]},&quot;_animation&quot;:&quot;opal-move-down&quot;,&quot;motion_fx_translateY_affectedRange&quot;:{&quot;unit&quot;:&quot;%&quot;,&quot;size&quot;:&quot;&quot;,&quot;sizes&quot;:{&quot;start&quot;:0,&quot;end&quot;:100}},&quot;motion_fx_devices&quot;:[&quot;desktop&quot;,&quot;tablet&quot;,&quot;mobile&quot;]}\" data-widget_type=\"icon.default\">\n\t\t\t\t\t\t\t<div class=\"elementor-icon-wrapper\">\n\t\t\t<div class=\"elementor-icon\">\n\t\t\t<svg xmlns=\"http:\/\/www.w3.org\/2000\/svg\" viewBox=\"0 0 15 15\"><g fill=\"none\" class=\"nc-icon-wrapper\"><path d=\"M15 15L11 3L11 0L15 12L15 15Z\" fill=\"currentColor\"><\/path><\/g><\/svg>\t\t\t<\/div>\n\t\t<\/div>\n\t\t\t\t\t\t<\/div>\n\t\t\t\t<div class=\"elementor-element elementor-element-048e021 elementor-absolute elementor-hidden-mobile elementor-view-default elementor-invisible elementor-widget elementor-widget-icon\" data-id=\"048e021\" data-element_type=\"widget\" data-e-type=\"widget\" data-settings=\"{&quot;_position&quot;:&quot;absolute&quot;,&quot;motion_fx_motion_fx_scrolling&quot;:&quot;yes&quot;,&quot;motion_fx_translateX_effect&quot;:&quot;yes&quot;,&quot;motion_fx_translateX_speed&quot;:{&quot;unit&quot;:&quot;px&quot;,&quot;size&quot;:1.5,&quot;sizes&quot;:[]},&quot;_animation&quot;:&quot;opal-move-right&quot;,&quot;motion_fx_translateX_affectedRange&quot;:{&quot;unit&quot;:&quot;%&quot;,&quot;size&quot;:&quot;&quot;,&quot;sizes&quot;:{&quot;start&quot;:0,&quot;end&quot;:100}},&quot;motion_fx_devices&quot;:[&quot;desktop&quot;,&quot;tablet&quot;,&quot;mobile&quot;]}\" data-widget_type=\"icon.default\">\n\t\t\t\t\t\t\t<div class=\"elementor-icon-wrapper\">\n\t\t\t<div class=\"elementor-icon\">\n\t\t\t<svg xmlns=\"http:\/\/www.w3.org\/2000\/svg\" viewBox=\"0 0 15 15\"><g fill=\"none\" class=\"nc-icon-wrapper\"><path d=\"M15 15L3 11L0 11L12 15L15 15Z\" fill=\"currentColor\"><\/path><\/g><\/svg>\t\t\t<\/div>\n\t\t<\/div>\n\t\t\t\t\t\t<\/div>\n\t\t\t\t<\/div>\n\t\t<div class=\"elementor-element elementor-element-54ffb3a e-con-full e-flex e-con e-child\" data-id=\"54ffb3a\" data-element_type=\"container\" data-e-type=\"container\">\n\t\t\t\t<div class=\"elementor-element elementor-element-2a53282 elementor-widget__width-initial elementor-invisible elementor-widget elementor-widget-heading\" data-id=\"2a53282\" data-element_type=\"widget\" data-e-type=\"widget\" data-settings=\"{&quot;_animation&quot;:&quot;opal-move-left&quot;}\" data-widget_type=\"heading.default\">\n\t\t\t\t\t<h2 data-cursor=\"-text\" data-cursor-text=\"View\" class=\"elementor-heading-title elementor-size-default\">Trusted expert in <span class=\"c-primary\">architectural design<\/span>  and innovation.<\/h2>\t\t\t\t<\/div>\n\t\t\t\t<\/div>\n\t\t<div class=\"elementor-element elementor-element-af2663a e-con-full e-flex e-con e-child\" data-id=\"af2663a\" data-element_type=\"container\" data-e-type=\"container\">\n\t\t\t\t<div class=\"elementor-element elementor-element-313da36 elementor-widget__width-initial elementor-invisible elementor-widget elementor-widget-text-editor\" data-id=\"313da36\" data-element_type=\"widget\" data-e-type=\"widget\" data-settings=\"{&quot;_animation&quot;:&quot;opal-move-left&quot;}\" data-widget_type=\"text-editor.default\">\n\t\t\t\t\t\t\t\t\tEspecialistas en rehabilitaci\u00f3n energ\u00e9tica, accesibilidad y gesti\u00f3n integral del proceso constructivo en Canarias. \t\t\t\t\t\t\t\t<\/div>\n\t\t\t\t<div class=\"elementor-element elementor-element-fd305f6 elementor-invisible elementor-widget elementor-widget-progress\" data-id=\"fd305f6\" data-element_type=\"widget\" data-e-type=\"widget\" data-settings=\"{&quot;_animation&quot;:&quot;opal-move-left&quot;}\" data-widget_type=\"progress.default\">\n\t\t\t\t\t            <div class=\"elementor-content\">\n                <span class=\"elementor-title\">Rehabilitaci\u00f3n<\/span>\n                                    <span class=\"elementor-progress-percentage\" style=\"--progress-percent:85%\">85%<\/span>\n                            <\/div>\n        \n        <div class=\"elementor-progress-wrapper\" role=\"progressbar\" aria-valuemin=\"0\" aria-valuemax=\"100\" aria-valuenow=\"85\">\n            <div class=\"elementor-progress-bar\" data-max=\"85\"><\/div>\n        <\/div>\n        \t\t\t\t<\/div>\n\t\t\t\t<div class=\"elementor-element elementor-element-6c14bbe elementor-invisible elementor-widget elementor-widget-progress\" data-id=\"6c14bbe\" data-element_type=\"widget\" data-e-type=\"widget\" data-settings=\"{&quot;_animation&quot;:&quot;opal-move-left&quot;}\" data-widget_type=\"progress.default\">\n\t\t\t\t\t            <div class=\"elementor-content\">\n                <span class=\"elementor-title\">Tramitaci\u00f3n de Subvenciones<\/span>\n                                    <span class=\"elementor-progress-percentage\" style=\"--progress-percent:95%\">95%<\/span>\n                            <\/div>\n        \n        <div class=\"elementor-progress-wrapper\" role=\"progressbar\" aria-valuemin=\"0\" aria-valuemax=\"100\" aria-valuenow=\"95\">\n            <div class=\"elementor-progress-bar\" data-max=\"95\"><\/div>\n        <\/div>\n        \t\t\t\t<\/div>\n\t\t\t\t<div class=\"elementor-element elementor-element-4cccf6a elementor-invisible elementor-widget elementor-widget-progress\" data-id=\"4cccf6a\" data-element_type=\"widget\" data-e-type=\"widget\" data-settings=\"{&quot;_animation&quot;:&quot;opal-move-left&quot;}\" data-widget_type=\"progress.default\">\n\t\t\t\t\t            <div class=\"elementor-content\">\n                <span class=\"elementor-title\">Direcci\u00f3n de Obra<\/span>\n                                    <span class=\"elementor-progress-percentage\" style=\"--progress-percent:65%\">65%<\/span>\n                            <\/div>\n        \n        <div class=\"elementor-progress-wrapper\" role=\"progressbar\" aria-valuemin=\"0\" aria-valuemax=\"100\" aria-valuenow=\"65\">\n            <div class=\"elementor-progress-bar\" data-max=\"65\"><\/div>\n        <\/div>\n        \t\t\t\t<\/div>\n\t\t\t\t<\/div>\n\t\t<div class=\"elementor-element elementor-element-8b91642 e-con-full e-flex e-con e-child\" data-id=\"8b91642\" data-element_type=\"container\" data-e-type=\"container\">\n\t\t\t\t<div class=\"elementor-element elementor-element-41ef059 elementor-widget elementor-widget-image\" data-id=\"41ef059\" data-element_type=\"widget\" data-e-type=\"widget\" data-settings=\"{&quot;motion_fx_motion_fx_scrolling&quot;:&quot;yes&quot;,&quot;motion_fx_translateX_effect&quot;:&quot;yes&quot;,&quot;motion_fx_translateX_speed&quot;:{&quot;unit&quot;:&quot;px&quot;,&quot;size&quot;:1,&quot;sizes&quot;:[]},&quot;motion_fx_translateX_affectedRange&quot;:{&quot;unit&quot;:&quot;%&quot;,&quot;size&quot;:&quot;&quot;,&quot;sizes&quot;:{&quot;start&quot;:0,&quot;end&quot;:100}},&quot;motion_fx_devices&quot;:[&quot;desktop&quot;,&quot;tablet&quot;,&quot;mobile&quot;]}\" data-widget_type=\"image.default\">\n\t\t\t\t\t<div class=\"antra-wrapper-image-widget\">\t\t\t\t\t\t\t\t\t\t<img loading=\"lazy\" decoding=\"async\" width=\"810\" height=\"486\" src=\"https:\/\/impala.yagcomunicacion.com\/wp-content\/uploads\/2025\/06\/ser-img-3.png\" class=\"attachment-full size-full wp-image-1583\" alt=\"\" srcset=\"https:\/\/impala.yagcomunicacion.com\/wp-content\/uploads\/2025\/06\/ser-img-3.png 810w, https:\/\/impala.yagcomunicacion.com\/wp-content\/uploads\/2025\/06\/ser-img-3-300x180.png 300w, https:\/\/impala.yagcomunicacion.com\/wp-content\/uploads\/2025\/06\/ser-img-3-768x461.png 768w\" sizes=\"(max-width: 810px) 100vw, 810px\" \/>\t\t\t\t\t\t\t\t\t\t\t<\/div>\t\t\t\t<\/div>\n\t\t\t\t<\/div>\n\t\t\t\t<\/div>\n\t\t\t\t\t<\/div>\n\t\t\t\t<\/div>\n\t\t\t\t<\/div>\n\t\t","protected":false},"excerpt":{"rendered":"","protected":false},"author":0,"featured_media":0,"parent":0,"menu_order":0,"comment_status":"closed","ping_status":"closed","template":"","meta":{"_rankjet_focus_keyword":"","_rankjet_seo_description":"Servicios de rehabilitaci\u00f3n energ\u00e9tica en Tenerife. Mejora la eficiencia de tu edificio con Impala Projects.","_rankjet_originality_score":0,"_rankjet_originality_data":"","_rankjet_originality_checked_at":"","_rankjet_seo_schema":"","footnotes":""},"class_list":["post-24","page","type-page","status-publish","hentry"],"_links":{"self":[{"href":"https:\/\/impala.yagcomunicacion.com\/wp-json\/wp\/v2\/pages\/24","targetHints":{"allow":["GET"]}}],"collection":[{"href":"https:\/\/impala.yagcomunicacion.com\/wp-json\/wp\/v2\/pages"}],"about":[{"href":"https:\/\/impala.yagcomunicacion.com\/wp-json\/wp\/v2\/types\/page"}],"replies":[{"embeddable":true,"href":"https:\/\/impala.yagcomunicacion.com\/wp-json\/wp\/v2\/comments?post=24"}],"version-history":[{"count":0,"href":"https:\/\/impala.yagcomunicacion.com\/wp-json\/wp\/v2\/pages\/24\/revisions"}],"wp:attachment":[{"href":"https:\/\/impala.yagcomunicacion.com\/wp-json\/wp\/v2\/media?parent=24"}],"curies":[{"name":"wp","href":"https:\/\/api.w.org\/{rel}","templated":true}]}}