{"id":27,"date":"2025-06-02T03:15:27","date_gmt":"2025-06-02T03:15:27","guid":{"rendered":"https:\/\/impala.yagcomunicacion.com\/projects-01\/"},"modified":"2026-04-04T22:54:45","modified_gmt":"2026-04-04T20:54:45","slug":"projects-01","status":"publish","type":"page","link":"https:\/\/impala.yagcomunicacion.com\/projects-01\/","title":{"rendered":"Proyectos"},"content":{"rendered":"\t\t<div data-elementor-type=\"wp-page\" data-elementor-id=\"27\" class=\"elementor elementor-27\">\n\t\t\t\t<div class=\"elementor-element elementor-element-b55b8d2 e-flex e-con-boxed e-con e-parent\" data-id=\"b55b8d2\" data-element_type=\"container\" data-e-type=\"container\">\n\t\t\t\t\t<div class=\"e-con-inner\">\n\t\t\t\t\t<\/div>\n\t\t\t\t<\/div>\n\t\t\t\t<\/div>\n\t\t","protected":false},"excerpt":{"rendered":"","protected":false},"author":0,"featured_media":0,"parent":0,"menu_order":0,"comment_status":"closed","ping_status":"closed","template":"","meta":{"_rankjet_focus_keyword":"","_rankjet_seo_description":"Portfolio de proyectos de construcci\u00f3n y rehabilitaci\u00f3n en Tenerife: fachadas, unifamiliares, accesibilidad y m\u00e1s. Impala Projects.","_rankjet_originality_score":0,"_rankjet_originality_data":"","_rankjet_originality_checked_at":"","_rankjet_seo_schema":"","footnotes":""},"class_list":["post-27","page","type-page","status-publish","hentry"],"_links":{"self":[{"href":"https:\/\/impala.yagcomunicacion.com\/wp-json\/wp\/v2\/pages\/27","targetHints":{"allow":["GET"]}}],"collection":[{"href":"https:\/\/impala.yagcomunicacion.com\/wp-json\/wp\/v2\/pages"}],"about":[{"href":"https:\/\/impala.yagcomunicacion.com\/wp-json\/wp\/v2\/types\/page"}],"replies":[{"embeddable":true,"href":"https:\/\/impala.yagcomunicacion.com\/wp-json\/wp\/v2\/comments?post=27"}],"version-history":[{"count":0,"href":"https:\/\/impala.yagcomunicacion.com\/wp-json\/wp\/v2\/pages\/27\/revisions"}],"wp:attachment":[{"href":"https:\/\/impala.yagcomunicacion.com\/wp-json\/wp\/v2\/media?parent=27"}],"curies":[{"name":"wp","href":"https:\/\/api.w.org\/{rel}","templated":true}]}}